{"id":10,"date":"2023-11-08T22:23:34","date_gmt":"2023-11-08T21:23:34","guid":{"rendered":"https:\/\/giorgiclaude.com\/www\/wordpress\/?page_id=10"},"modified":"2024-01-02T13:18:11","modified_gmt":"2024-01-02T12:18:11","slug":"cv","status":"publish","type":"page","link":"https:\/\/giorgiclaude.com\/?page_id=10","title":{"rendered":"Curriculum Vitae"},"content":{"rendered":"\t\t<div data-elementor-type=\"wp-page\" data-elementor-id=\"10\" class=\"elementor elementor-10\">\n\t\t\t\t<div class=\"elementor-element elementor-element-3dc28fa e-flex e-con-boxed e-con e-parent\" data-id=\"3dc28fa\" data-element_type=\"container\" data-e-type=\"container\">\n\t\t\t\t\t<div class=\"e-con-inner\">\n\t\t\t\t<div class=\"elementor-element elementor-element-180b60c elementor-widget elementor-widget-text-editor\" data-id=\"180b60c\" data-element_type=\"widget\" data-e-type=\"widget\" data-widget_type=\"text-editor.default\">\n\t\t\t\t<div class=\"elementor-widget-container\">\n\t\t\t\t\t\t\t\t\t<div class=\"page\" title=\"Page 1\"><div class=\"layoutArea\"><div class=\"column\"><p>CLAUDE GIORGI<br \/>Sculpteur Plasticien<\/p><p>117 bis Av. Henry Dunant\u00a0<br \/>Site : www.giorgiclaude.com 06100 NICE giorgiclaude@gmail.com <br \/>+33 (0)6 28 76 82 55<\/p><\/div><\/div><\/div>\t\t\t\t\t\t\t\t<\/div>\n\t\t\t\t<\/div>\n\t\t\t\t<div class=\"elementor-element elementor-element-7487e40 elementor-widget elementor-widget-text-editor\" data-id=\"7487e40\" data-element_type=\"widget\" data-e-type=\"widget\" data-widget_type=\"text-editor.default\">\n\t\t\t\t<div class=\"elementor-widget-container\">\n\t\t\t\t\t\t\t\t\t<div class=\"page\" title=\"Page 1\"><div class=\"layoutArea\"><div class=\"column\"><p>Ne\u0301 a\u0300 Nice en 1954, artiste autodidacte, j&rsquo;ai commence\u0301 ma cre\u0301ation en 1968.<br \/>Mon travail s&rsquo;inspire de la \u00ab Me\u0301moire de l\u2019Oce\u0301an \u00bb. J&rsquo;ai d&rsquo;abord aborde\u0301 la peinture, tre\u0300s attire\u0301 par le volume, a\u0300 ma peinture se me\u0301laient des de\u0301coupages, des bas reliefs, je suis donc venu tre\u0300s rapidement a\u0300 la sculpture.<\/p><p><br \/>Apre\u0300s avoir travaille\u0301 le fer et la ce\u0301ramique durant 30 ans, je sculpte depuis 2008 le bronze, toujours sur le me\u0302me principe de re\u0301cupe\u0301ration. Toutes mes pie\u0300ces sont uniques et sont entie\u0300rement re\u0301alise\u0301es par moi-me\u0302me (coule\u0301e, montage, patine).<\/p><p><br \/>Je re\u0301utilise des mate\u0301riaux de re\u0301cupe\u0301ration sur les plages me\u0301diterrane\u0301ennes ainsi que les e\u0301le\u0301ments que la nature m&rsquo;offre dans mon jardin atelier nic\u0327ois et divers objets de re\u0301cupe\u0301ration (bois flotte\u0301s, feuilles, plumes, boutons..)<\/p><p>L&rsquo;art est une histoire d&rsquo;amour,c&rsquo;est avant tout se faire plaisir et partager du re\u0302ve&#8230;&#8230;.<\/p><\/div><\/div><\/div><div class=\"page\" title=\"Page 4\"><div class=\"layoutArea\"><div class=\"column\">\u00a0<\/div><\/div><\/div>\t\t\t\t\t\t\t\t<\/div>\n\t\t\t\t<\/div>\n\t\t\t\t\t<\/div>\n\t\t\t\t<\/div>\n\t\t<div class=\"elementor-element elementor-element-6744395 e-flex e-con-boxed e-con e-parent\" data-id=\"6744395\" data-element_type=\"container\" data-e-type=\"container\">\n\t\t\t\t\t<div class=\"e-con-inner\">\n\t\t\t\t<div class=\"elementor-element elementor-element-835b881 elementor-widget elementor-widget-text-editor\" data-id=\"835b881\" data-element_type=\"widget\" data-e-type=\"widget\" data-widget_type=\"text-editor.default\">\n\t\t\t\t<div class=\"elementor-widget-container\">\n\t\t\t\t\t\t\t\t\t<div class=\"page\" title=\"Page 1\"><div class=\"layoutArea\"><div class=\"column\"><div><div>MES PRINCIPALES EXPOSITIONS.<\/div><div>\u00a0<\/div><div><strong>2023<\/strong><\/div><div>Galerie Art\u00e9sol, Solothurn Suisse Galerie Am Bach, Erlinsbach, Suisse Galerie Bachlener, Bergdietikon, Suisse Nomad, Antibes, France<\/div><div>Gaya Scienza, Nice, France Open Art, Roveredo, Suisse Open Art, Ottenbach, Suisse.<\/div><div>\u00a0<\/div><div><strong>2022<\/strong><\/div><div>Cad Galerie, Huy, Belgique<\/div><div>Biennale In Waldenburg Suisse<\/div><div>Galerie Bachlener, Bergdietikon, Suisse Open Art, Roveredo, Suisse<\/div><div>Open Art, Ottenbach, Suisse.<\/div><div>\u00a0<\/div><div><strong>2021<\/strong><\/div><div>Galerie Am Bach, Erlinsbach, Suisse Open Art, Roveredo, Suisse<\/div><div>Open Art, Ottenbach, Suisse<\/div><div>Interruption expos cause pand\u00e9mie.<\/div><div>\u00a0<\/div><div><strong>2020<\/strong>Art et Business Zurich Suisse Biennale In Waldenburg Suisse Interruption expos cause pand\u00e9mie.<\/div><div>\u00a0<\/div><div><strong>2019<\/strong><\/div><div>\u00ab Art et Leadership \u00bb Mus\u00e9e d&rsquo;Art Na\u00cff, Nice Galerie Art\u00e9sol, Solothurn Suisse<\/div><div>Open Art, Roveredo, Suisse.<\/div><div>\u00a0<\/div><div><strong>2018 <\/strong><\/div><div>3\u00b0 Prix de la Triennale sculptures monumentales Bad Ragaz, Suisse Galerie Pesko, Lenzerheide, Suisse<\/div><div>Open Art, Roveredo, Suisse<\/div><div>Open Art, Ottenbach, Suisse.<\/div><div>\u00a0<\/div><div><strong>2017<\/strong><\/div><div>Galerie Jas de la Rimade, Carces Galerie Nivergelt, Zurich Suisse.<\/div><div>Open Art, Roveredo, Suisse<\/div><div>Galerie du Soleil, Saignelegier, Suisse Open Art, Ottenbach, Suisse<\/div><div>Villa \u00ab Les Asphod\u00e8lies \u00bb, St Rapha\u00ebl.<\/div><div>\u00a0<\/div><div><strong>2016<\/strong><\/div><div>\u00ab Open Art \u00bb Ottenbach Suisse \u00ab Figuration critique \u00bb Paris<\/div><div>Galerie Immaginazione, Brugg Suisse \u00ab Open art \u00bb Reveredo Suisse<\/div><div>\u00ab Arc en ciel \u00bb St Paul de Vence<\/div><div>Galerie Art\u00e9sol, Solothurn Suisse Galerie Gollong, Saint Paul de Vence Galerie L V , Dijon.<\/div><div>\u00a0<\/div><div><strong>2015<\/strong><\/div><div>\u00ab Open Art\u00bb Ottenbach Suisse Salon \u00ab Comparaison \u00bb Paris Galerie jas de la Rimade, Carces Salon \u00ab Pulsart \u00bb Le Mans<\/div><div>\u00ab Open art \u00bb Reveredo Suisse Galerie Bizart Bizart, Le Vaudioux.<\/div><div>\u00a0<\/div><div><strong>2014<\/strong><\/div><div>Galerie de la Cath\u00e9drale, Fribourg Suisse Artcit\u00e9, Fontenay sous Bois<\/div><div>Galerie Gollong, Saint Paul de Vence Galerie Etang d&rsquo;Art, Bages<\/div><div>Galerie L&rsquo;Arrivage,Troyes<\/div><div>Espace Christiane Peugeot ,Paris Caisse d&rsquo;Epargne, Nice<\/div><div>Galerie municipale, Beausoleil Galerie Nievergelt, Zurich Suisse<\/div><div>\u00a0<\/div><div><strong>2013<\/strong><\/div><div>Salon \u00ab Passage \u00e0 l&rsquo;Art \u00bb Cherbourg Galerie Blanche, Falicon<\/div><div>Galerie de l&rsquo;\u00e2ne bleu, Marciac<\/div><div>\u00ab Art en Place \u00bb, Vence<\/div><div>Galerie Franck Michel, Nice Galerie Nievergelt, Zurich Suisse.<\/div><div>\u00a0<\/div><div><strong>2012<\/strong><\/div><div>Galerie Artena, Waltenschwil Suisse Galerie Blanche, Falicon<\/div><div>Salon \u00ab Art\u00e9ando \u00bb Irun Espagne Troph\u00e9e de la Caisse d&rsquo;Epargne, Nice<\/div><div><strong>2011<\/strong><\/div><div>Galerie Art\u00e9sol, Solothurn Suisse<\/div><div>Galerie Bizart Bizart, Le Vaudioux<\/div><div>\u00ab Les Murs de la Tuili\u00e8re \u00bb Vaison la Romaine Galerie Le Jas de la Rimade, Carc\u00e8s.<\/div><p>\u00a0<\/p><div><strong>(2009- 2010) <\/strong><\/div><div>tude de la technique du bronze Cr\u00e9ation de la fonderie a usage personnel Coul\u00e9e de bronze en pi\u00e8ces uniques<\/div><div>2008 Galerie Art\u00e9sol, Solothurn Suisse Galerie Matarasso, 1er Avril Nice<\/div><div>Espace Mass\u00e9na Caisse d&rsquo;Epargne, Nice Festisub, Neuchatel Suisse<\/div><div>\u00ab Art en Mai \u00bb Pont de Roide<\/div><div>Galerie Arcadache, Vallorbe Suisse Galerie Bizart Bizart, Le Vaudioux<\/div><div>Galerie Arts&#8230;Point de Suspension, Florac.<\/div><div>\u00a0<\/div><div><strong>2007<\/strong><\/div><div>89 Gallery P\u00e9kin (Chine).<\/div><div>\u00a0<\/div><div><strong>2006<\/strong><\/div><div>Fondation Paul Klee Berne Suisse Mus\u00e9e des Arts, Reillanne<\/div><div>2005 Mus\u00e9e de Pr\u00e9histoire, Quinson Mus\u00e9e de la poterie,Vallauris.<\/div><div>\u00a0<\/div><div><strong>2004<\/strong><\/div><div>Le P&#8230; . Mus\u00e9e d\u2019art contemporain, Nice.<\/div><div>\u00a0<\/div><div><strong>2003<\/strong><\/div><div>Comit\u00e9 National Mon\u00e9gasque UNESCO, Monaco \u00ab Biennale d\u2019art \u00bb Vaux en Beaujolais \u00ab By-the Sea \u00bb, Amagansett, New York USA.<\/div><div>\u00a0<\/div><div><strong>2002<\/strong><\/div><div>R\u00e9sidence d\u2019Artiste, Martigues Mus\u00e9e Renoir, Cagnes sur mer.<\/div><div>\u00a0<\/div><div><strong>2001<\/strong><\/div><div>Fondation ERICSSON, Berne Suisse.<\/div><div>\u00a0<\/div><div><strong>2000<\/strong><\/div><div>Mus\u00e9e Renoir, Cagnes sur mer Fondation ERICSSON, Berne Suisse.<\/div><div>\u00a0<\/div><div><strong>1999<\/strong><\/div><div>\u00ab Art Jonction \u00bb Nice.<\/div><div>\u00a0<\/div><div><strong>1998<\/strong><\/div><div>Cr\u00e9ation du Troph\u00e9e M\u00e9c\u00e9n\u2019Azur, Nice Artiste Forum, Berne Suisse.<\/div><div>\u00a0<\/div><div><strong>1997<\/strong><\/div><div>Academia d\u2019Arte , San Remo Italie Exposition et cr\u00e9ation d\u2019environnement \u00ab l\u2019Art du Jardin \u00bb Parc Saint Cloud, Paris.<\/div><div>\u00a0<\/div><div><strong>1996<\/strong><\/div><div>\u00ab L&rsquo;Art du Jardin \u00bb Parc St Cloud, Paris.<\/div><div>\u00a0<\/div><div><strong>1995<\/strong><\/div><div>\u00ab Art Jonction \u00bb Cannes \u00ab M\u00e9moire de l\u2019Oc\u00e9an \u00bb Prix de la sculpture (la Toison d&rsquo;Or).<\/div><div>\u00a0<\/div><div><strong>1994<\/strong><\/div><div>Exposition \u00ab Terre-Mer \u00bb Artelier, Nice.<\/div><div>\u00a0<\/div><div><strong>1993<\/strong><\/div><div>Galerie Vallet \u00ab l\u2019Abyssalisme \u00bb Nice.<\/div><div>\u00a0<\/div><div><strong>1992<\/strong><\/div><div>Exposition \u00ab M\u00e9moire de l\u2019Oc\u00e9an \u00bb Artelier, Nice.<\/div><div>\u00a0<\/div><div><strong>1991<\/strong><\/div><div>Cr\u00e9ation d\u2019un Espace d\u2019Exposition et d\u2019Art de proximit\u00e9 : \u00ab Artelier \u00bb.<\/div><div>\u00a0<\/div><div><strong>1986<\/strong><\/div><div>Biennale de Nice \u00ab Berlin, d\u00e9j\u00e0 25 ans \u00bb Nice.<\/div><div>\u00a0<\/div><div><strong>1982- 1985<\/strong><\/div><div>Etude de la C\u00e9ramique et diverses techniques.<\/div><div>\u00a0<\/div><div><strong>1981<\/strong><\/div><div>Intervention plastique et sculpture volume sur la Peine de mort. 1980 Exposition de Groupe, Atelier de Nice, Beaulieu sur Mer.<\/div><div>\u00a0<\/div><div><strong>1978<\/strong><\/div><div>Biennale de la Jeune peinture ( le Pie 3,1416&#8230;), Nice.<\/div><div>\u00a0<\/div><div><strong>1977<\/strong><\/div><div>Exposition de groupe, Palais de la M\u00e9diterran\u00e9e, Nice.<\/div><div>\u00a0<\/div><div><strong>1976<\/strong><\/div><div>Exposition de groupe, Atelier de Nice, Beaulieu sur Mer et Peille.<\/div><div>\u00a0<\/div><div><strong>1975<\/strong><\/div><div>Biennale de la Jeune peinture \u00ab La Pollution, nature morte \u00bb Nice.<\/div><\/div><\/div><\/div><\/div>\t\t\t\t\t\t\t\t<\/div>\n\t\t\t\t<\/div>\n\t\t\t\t\t<\/div>\n\t\t\t\t<\/div>\n\t\t<div class=\"elementor-element elementor-element-4920535 e-flex e-con-boxed e-con e-parent\" data-id=\"4920535\" data-element_type=\"container\" data-e-type=\"container\">\n\t\t\t\t\t<div class=\"e-con-inner\">\n\t\t\t\t<div class=\"elementor-element elementor-element-1c7f2d6 elementor-widget-divider--separator-type-pattern elementor-widget-divider--view-line elementor-widget elementor-widget-divider\" data-id=\"1c7f2d6\" data-element_type=\"widget\" data-e-type=\"widget\" data-widget_type=\"divider.default\">\n\t\t\t\t<div class=\"elementor-widget-container\">\n\t\t\t\t\t\t\t<div class=\"elementor-divider\" style=\"--divider-pattern-url: url(&quot;data:image\/svg+xml,%3Csvg xmlns=&#039;http:\/\/www.w3.org\/2000\/svg&#039; preserveAspectRatio=&#039;none&#039; overflow=&#039;visible&#039; height=&#039;100%&#039; viewBox=&#039;0 0 24 24&#039; fill=&#039;none&#039; stroke=&#039;black&#039; stroke-width=&#039;1&#039; stroke-linecap=&#039;square&#039; stroke-miterlimit=&#039;10&#039;%3E%3Cpath d=&#039;M0,6c6,0,0.9,11.1,6.9,11.1S18,6,24,6&#039;\/%3E%3C\/svg%3E&quot;);\">\n\t\t\t<span class=\"elementor-divider-separator\">\n\t\t\t\t\t\t<\/span>\n\t\t<\/div>\n\t\t\t\t\t\t<\/div>\n\t\t\t\t<\/div>\n\t\t\t\t<div class=\"elementor-element elementor-element-7b64381 elementor-widget elementor-widget-text-editor\" data-id=\"7b64381\" data-element_type=\"widget\" data-e-type=\"widget\" data-widget_type=\"text-editor.default\">\n\t\t\t\t<div class=\"elementor-widget-container\">\n\t\t\t\t\t\t\t\t\t<p><strong>Curriculum Vitae<br \/><\/strong>T\u00e9l\u00e9chargeable ici :<\/p>\t\t\t\t\t\t\t\t<\/div>\n\t\t\t\t<\/div>\n\t\t\t\t<div class=\"elementor-element elementor-element-c6177f9 elementor-view-default elementor-widget elementor-widget-icon\" data-id=\"c6177f9\" data-element_type=\"widget\" data-e-type=\"widget\" data-widget_type=\"icon.default\">\n\t\t\t\t<div class=\"elementor-widget-container\">\n\t\t\t\t\t\t\t<div class=\"elementor-icon-wrapper\">\n\t\t\t<a class=\"elementor-icon\" href=\"https:\/\/giorgiclaude.com\/wp-content\/uploads\/2024\/01\/CV-2023.pdf\" target=\"_blank\">\n\t\t\t<svg aria-hidden=\"true\" class=\"e-font-icon-svg e-fas-file-pdf\" viewBox=\"0 0 384 512\" xmlns=\"http:\/\/www.w3.org\/2000\/svg\"><path d=\"M181.9 256.1c-5-16-4.9-46.9-2-46.9 8.4 0 7.6 36.9 2 46.9zm-1.7 47.2c-7.7 20.2-17.3 43.3-28.4 62.7 18.3-7 39-17.2 62.9-21.9-12.7-9.6-24.9-23.4-34.5-40.8zM86.1 428.1c0 .8 13.2-5.4 34.9-40.2-6.7 6.3-29.1 24.5-34.9 40.2zM248 160h136v328c0 13.3-10.7 24-24 24H24c-13.3 0-24-10.7-24-24V24C0 10.7 10.7 0 24 0h200v136c0 13.2 10.8 24 24 24zm-8 171.8c-20-12.2-33.3-29-42.7-53.8 4.5-18.5 11.6-46.6 6.2-64.2-4.7-29.4-42.4-26.5-47.8-6.8-5 18.3-.4 44.1 8.1 77-11.6 27.6-28.7 64.6-40.8 85.8-.1 0-.1.1-.2.1-27.1 13.9-73.6 44.5-54.5 68 5.6 6.9 16 10 21.5 10 17.9 0 35.7-18 61.1-61.8 25.8-8.5 54.1-19.1 79-23.2 21.7 11.8 47.1 19.5 64 19.5 29.2 0 31.2-32 19.7-43.4-13.9-13.6-54.3-9.7-73.6-7.2zM377 105L279 7c-4.5-4.5-10.6-7-17-7h-6v128h128v-6.1c0-6.3-2.5-12.4-7-16.9zm-74.1 255.3c4.1-2.7-2.5-11.9-42.8-9 37.1 15.8 42.8 9 42.8 9z\"><\/path><\/svg>\t\t\t<\/a>\n\t\t<\/div>\n\t\t\t\t\t\t<\/div>\n\t\t\t\t<\/div>\n\t\t\t\t\t<\/div>\n\t\t\t\t<\/div>\n\t\t\t\t<\/div>\n\t\t","protected":false},"excerpt":{"rendered":"<p>CLAUDE GIORGISculpteur Plasticien 117 bis Av. Henry Dunant\u00a0Site : www.giorgiclaude.com 06100 NICE giorgiclaude@gmail.com +33 (0)6 28 76 82 55 Ne\u0301 a\u0300 Nice en 1954, artiste autodidacte, j&rsquo;ai commence\u0301 ma cre\u0301ation en 1968.Mon travail s&rsquo;inspire de la \u00ab Me\u0301moire de l\u2019Oce\u0301an \u00bb. J&rsquo;ai d&rsquo;abord aborde\u0301 la peinture, tre\u0300s attire\u0301 par le volume, a\u0300 ma peinture se [&hellip;]<\/p>\n","protected":false},"author":1,"featured_media":0,"parent":0,"menu_order":0,"comment_status":"closed","ping_status":"closed","template":"elementor_theme","meta":{"footnotes":""},"class_list":["post-10","page","type-page","status-publish","hentry"],"_links":{"self":[{"href":"https:\/\/giorgiclaude.com\/index.php?rest_route=\/wp\/v2\/pages\/10","targetHints":{"allow":["GET"]}}],"collection":[{"href":"https:\/\/giorgiclaude.com\/index.php?rest_route=\/wp\/v2\/pages"}],"about":[{"href":"https:\/\/giorgiclaude.com\/index.php?rest_route=\/wp\/v2\/types\/page"}],"author":[{"embeddable":true,"href":"https:\/\/giorgiclaude.com\/index.php?rest_route=\/wp\/v2\/users\/1"}],"replies":[{"embeddable":true,"href":"https:\/\/giorgiclaude.com\/index.php?rest_route=%2Fwp%2Fv2%2Fcomments&post=10"}],"version-history":[{"count":23,"href":"https:\/\/giorgiclaude.com\/index.php?rest_route=\/wp\/v2\/pages\/10\/revisions"}],"predecessor-version":[{"id":872,"href":"https:\/\/giorgiclaude.com\/index.php?rest_route=\/wp\/v2\/pages\/10\/revisions\/872"}],"wp:attachment":[{"href":"https:\/\/giorgiclaude.com\/index.php?rest_route=%2Fwp%2Fv2%2Fmedia&parent=10"}],"curies":[{"name":"wp","href":"https:\/\/api.w.org\/{rel}","templated":true}]}}